{"id":821,"date":"2019-03-09T17:01:58","date_gmt":"2019-03-09T17:01:58","guid":{"rendered":"https:\/\/www.3nationscup.eu\/?page_id=821"},"modified":"2026-01-30T15:04:17","modified_gmt":"2026-01-30T14:04:17","slug":"home","status":"publish","type":"page","link":"https:\/\/www.3nationscup.eu\/fr\/","title":{"rendered":"3 Nations Cup 2026"},"content":{"rendered":"\t\t<div data-elementor-type=\"wp-post\" data-elementor-id=\"821\" class=\"elementor elementor-821 elementor-8\" data-elementor-post-type=\"page\">\n\t\t\t\t\t\t<section class=\"elementor-section elementor-top-section elementor-element elementor-element-1953260e elementor-section-boxed elementor-section-height-default elementor-section-height-default\" data-id=\"1953260e\" data-element_type=\"section\" data-e-type=\"section\" data-settings=\"{&quot;background_background&quot;:&quot;classic&quot;}\">\n\t\t\t\t\t\t<div class=\"elementor-container elementor-column-gap-default\">\n\t\t\t\t\t<div class=\"elementor-column elementor-col-100 elementor-top-column elementor-element elementor-element-462c1348\" data-id=\"462c1348\" data-element_type=\"column\" data-e-type=\"column\">\n\t\t\t<div class=\"elementor-widget-wrap elementor-element-populated\">\n\t\t\t\t\t\t<div class=\"elementor-element elementor-element-6cd31ad1 elementor-widget elementor-widget-heading\" data-id=\"6cd31ad1\" data-element_type=\"widget\" data-e-type=\"widget\" data-widget_type=\"heading.default\">\n\t\t\t\t<div class=\"elementor-widget-container\">\n\t\t\t\t\t<h3 class=\"elementor-heading-title elementor-size-default\">3 NATIONS CUP 2026<\/h3>\t\t\t\t<\/div>\n\t\t\t\t<\/div>\n\t\t\t\t<div class=\"elementor-element elementor-element-56c609c elementor-widget elementor-widget-text-editor\" data-id=\"56c609c\" data-element_type=\"widget\" data-e-type=\"widget\" data-widget_type=\"text-editor.default\">\n\t\t\t\t<div class=\"elementor-widget-container\">\n\t\t\t\t\t\t\t\t\t<p>Belgian Cycling, KNWU et Radsport Verband organisent \u00e0 nouveau l&rsquo;attrayante Coupe 3 Nations en 2026! La coupe comprend 7 courses en Belgique, aux Pays-Bas et en Allemagne. L&rsquo;objectif de la Coupe 3 Nations MTB est de donner aux v\u00e9t\u00e9tistes une plateforme de performance \u00e0 un niveau interm\u00e9diaire entre les courses nationales et les Coupes du Monde. Les jeunes talents peuvent se frayer un chemin jusqu&rsquo;au sommet, et entre-temps les professionnels de la Coupe du monde peuvent se joindre \u00e0 eux, pour rester aff\u00fbt\u00e9s et accumuler des points UCI. Les pistes de cross-country sont stimulantes et sont connues pour leurs obstacles et leurs parties techniques.&nbsp;<\/p>\t\t\t\t\t\t\t\t<\/div>\n\t\t\t\t<\/div>\n\t\t\t\t<div class=\"elementor-element elementor-element-37add947 elementor-widget elementor-widget-shortcode\" data-id=\"37add947\" data-element_type=\"widget\" data-e-type=\"widget\" data-widget_type=\"shortcode.default\">\n\t\t\t\t<div class=\"elementor-widget-container\">\n\t\t\t\t\t\t\t<div class=\"elementor-shortcode\"><div class=\"container-fluid race-overzicht\"><div class=\"row\"><div class=\"col-md-4 races-homepage\"><div class=\"inner-blok-content\"><a href=\"https:\/\/www.3nationscup.eu\/fr\/race\/oldenzaal-nl\/\"><div class=\"inner-blok-image\" style=\"background-image:url(https:\/\/www.3nationscup.eu\/wp-content\/uploads\/2026\/01\/Foto3ncWebsite2026Oldenzaal.jpg);background-size:cover;\"><\/div><div class=\"blok-title\"><h2 class=\"blok-title-header\">Oldenzaal (NL)<\/h2><\/div><div class=\"blok-datum\"><div class=\"blok-datum-tekst\"><div class=\"blok-maand\">2026<br>April<\/div><br\/><div class=\"blok-dag\">04-05<\/div><\/div><\/div><\/a><\/div><\/div><div class=\"col-md-4 races-homepage\"><div class=\"inner-blok-content\"><a href=\"https:\/\/www.3nationscup.eu\/fr\/race\/sittard-nl\/\"><div class=\"inner-blok-image\" style=\"background-image:url(https:\/\/www.3nationscup.eu\/wp-content\/uploads\/2026\/01\/Foto3ncWebsite2026Sittard.jpg);background-size:cover;\"><\/div><div class=\"blok-title\"><h2 class=\"blok-title-header\">Sittard (NL)<\/h2><\/div><div class=\"blok-datum\"><div class=\"blok-datum-tekst\"><div class=\"blok-maand\">2026<br>April<\/div><br\/><div class=\"blok-dag\">11-12<\/div><\/div><\/div><\/a><\/div><\/div><div class=\"col-md-4 races-homepage\"><div class=\"inner-blok-content\"><a href=\"https:\/\/www.3nationscup.eu\/fr\/race\/vam-berg-nl\/\"><div class=\"inner-blok-image\" style=\"background-image:url(https:\/\/www.3nationscup.eu\/wp-content\/uploads\/2026\/01\/Foto3ncWebsite2026VAM.jpg);background-size:cover;\"><\/div><div class=\"blok-title\"><h2 class=\"blok-title-header\">VAM Berg (NED)<\/h2><\/div><div class=\"blok-datum\"><div class=\"blok-datum-tekst\"><div class=\"blok-maand\">2026<br>April<\/div><br\/><div class=\"blok-dag\">25-26<\/div><\/div><\/div><\/a><\/div><\/div><div class=\"col-md-4 races-homepage\"><div class=\"inner-blok-content\"><a href=\"https:\/\/www.3nationscup.eu\/fr\/race\/langdorp-bel\/\"><div class=\"inner-blok-image\" style=\"background-image:url(https:\/\/www.3nationscup.eu\/wp-content\/uploads\/2026\/01\/unnamed.png);background-size:cover;\"><\/div><div class=\"blok-title\"><h2 class=\"blok-title-header\">Langdorp (BEL)<\/h2><\/div><div class=\"blok-datum\"><div class=\"blok-datum-tekst\"><div class=\"blok-maand\">2026<br>May<\/div><br\/><div class=\"blok-dag\">16-17<\/div><\/div><\/div><\/a><\/div><\/div><div class=\"col-md-4 races-homepage\"><div class=\"inner-blok-content\"><a href=\"https:\/\/www.3nationscup.eu\/fr\/race\/genk\/\"><div class=\"inner-blok-image\" style=\"background-image:url(https:\/\/www.3nationscup.eu\/wp-content\/uploads\/2026\/01\/Foto3ncWebsiteGenk.jpg);background-size:cover;\"><\/div><div class=\"blok-title\"><h2 class=\"blok-title-header\">Genk (BE)<\/h2><\/div><div class=\"blok-datum\"><div class=\"blok-datum-tekst\"><div class=\"blok-maand\">2026<br>May<\/div><br\/><div class=\"blok-dag\">29-30<\/div><\/div><\/div><\/a><\/div><\/div><div class=\"col-md-4 races-homepage\"><div class=\"inner-blok-content\"><a href=\"https:\/\/www.3nationscup.eu\/fr\/race\/remscheid\/\"><div class=\"inner-blok-image\" style=\"background-image:url(https:\/\/www.3nationscup.eu\/wp-content\/uploads\/2026\/01\/Foto3ncWebsiteRemscheid2026.jpg);background-size:cover;\"><\/div><div class=\"blok-title\"><h2 class=\"blok-title-header\">Remscheid (Ger)<\/h2><\/div><div class=\"blok-datum\"><div class=\"blok-datum-tekst\"><div class=\"blok-maand\">2026<br>June<\/div><br\/><div class=\"blok-dag\">06-07<\/div><\/div><\/div><\/a><\/div><\/div><div class=\"col-md-4 races-homepage\"><div class=\"inner-blok-content\"><a href=\"https:\/\/www.3nationscup.eu\/fr\/race\/winterberg-ger\/\"><div class=\"inner-blok-image\" style=\"background-image:url(https:\/\/www.3nationscup.eu\/wp-content\/uploads\/2026\/01\/winterberg.jpeg);background-size:cover;\"><\/div><div class=\"blok-title\"><h2 class=\"blok-title-header\">Winterberg (GER)<\/h2><\/div><div class=\"blok-datum\"><div class=\"blok-datum-tekst\"><div class=\"blok-maand\">2026<br>August<\/div><br\/><div class=\"blok-dag\">08-09<\/div><\/div><\/div><\/a><\/div><\/div><\/div><\/div><\/div>\n\t\t\t\t\t\t<\/div>\n\t\t\t\t<\/div>\n\t\t\t\t\t<\/div>\n\t\t<\/div>\n\t\t\t\t\t<\/div>\n\t\t<\/section>\n\t\t\t\t<section class=\"elementor-section elementor-top-section elementor-element elementor-element-3769b42e elementor-section-boxed elementor-section-height-default elementor-section-height-default\" data-id=\"3769b42e\" data-element_type=\"section\" data-e-type=\"section\">\n\t\t\t\t\t\t<div class=\"elementor-container elementor-column-gap-default\">\n\t\t\t\t\t<div class=\"elementor-column elementor-col-100 elementor-top-column elementor-element elementor-element-62435a38\" data-id=\"62435a38\" data-element_type=\"column\" data-e-type=\"column\">\n\t\t\t<div class=\"elementor-widget-wrap elementor-element-populated\">\n\t\t\t\t\t\t<div class=\"elementor-element elementor-element-1239f5c8 elementor-widget elementor-widget-shortcode\" data-id=\"1239f5c8\" data-element_type=\"widget\" data-e-type=\"widget\" data-widget_type=\"shortcode.default\">\n\t\t\t\t<div class=\"elementor-widget-container\">\n\t\t\t\t\t\t\t<div class=\"elementor-shortcode\"><div id=\"wp-sponsors\"><ul><li class=\"sponsor-item default\"><a href=https:\/\/www.vittoria.com\/us\/  rel=\"nofollow\"><img decoding=\"async\" width=\"300\" height=\"96\" src=\"https:\/\/www.3nationscup.eu\/wp-content\/uploads\/2019\/02\/vittoria-300x96.png\" class=\"attachment-medium size-medium wp-post-image\" alt=\"\" \/><\/a><\/li><li class=\"sponsor-item default\"><a href=https:\/\/www.torq.nl  rel=\"nofollow\"><img decoding=\"async\" width=\"300\" height=\"96\" src=\"https:\/\/www.3nationscup.eu\/wp-content\/uploads\/2023\/04\/torq.png\" class=\"attachment-medium size-medium wp-post-image\" alt=\"\" \/><\/a><\/li><li class=\"sponsor-item default\"><a href=https:\/\/www.guifi.nl\/  rel=\"nofollow\"><img decoding=\"async\" width=\"300\" height=\"96\" src=\"https:\/\/www.3nationscup.eu\/wp-content\/uploads\/2019\/02\/guifi-300x96.png\" class=\"attachment-medium size-medium wp-post-image\" alt=\"\" \/><\/a><\/li><\/ul><\/div><\/div>\n\t\t\t\t\t\t<\/div>\n\t\t\t\t<\/div>\n\t\t\t\t\t<\/div>\n\t\t<\/div>\n\t\t\t\t\t<\/div>\n\t\t<\/section>\n\t\t\t\t<section class=\"elementor-section elementor-top-section elementor-element elementor-element-cf80e07 elementor-section-boxed elementor-section-height-default elementor-section-height-default\" data-id=\"cf80e07\" data-element_type=\"section\" data-e-type=\"section\" data-settings=\"{&quot;background_background&quot;:&quot;classic&quot;}\">\n\t\t\t\t\t\t<div class=\"elementor-container elementor-column-gap-default\">\n\t\t\t\t\t<div class=\"elementor-column elementor-col-50 elementor-top-column elementor-element elementor-element-4010520\" data-id=\"4010520\" data-element_type=\"column\" data-e-type=\"column\">\n\t\t\t<div class=\"elementor-widget-wrap elementor-element-populated\">\n\t\t\t\t\t\t<div class=\"elementor-element elementor-element-8078b9a elementor-widget elementor-widget-facebook-page\" data-id=\"8078b9a\" data-element_type=\"widget\" data-e-type=\"widget\" data-widget_type=\"facebook-page.default\">\n\t\t\t\t<div class=\"elementor-widget-container\">\n\t\t\t\t\t<div class=\"elementor-facebook-widget fb-page\" data-href=\"https:\/\/www.facebook.com\/3nationscupmtb\/\" data-tabs=\"timeline\" data-height=\"500px\" data-width=\"500px\" data-small-header=\"true\" data-hide-cover=\"true\" data-show-facepile=\"true\" data-hide-cta=\"true\" style=\"min-height: 1px;height:500px\"><\/div>\t\t\t\t<\/div>\n\t\t\t\t<\/div>\n\t\t\t\t\t<\/div>\n\t\t<\/div>\n\t\t\t\t<div class=\"elementor-column elementor-col-50 elementor-top-column elementor-element elementor-element-7294bc2\" data-id=\"7294bc2\" data-element_type=\"column\" data-e-type=\"column\">\n\t\t\t<div class=\"elementor-widget-wrap\">\n\t\t\t\t\t\t\t<\/div>\n\t\t<\/div>\n\t\t\t\t\t<\/div>\n\t\t<\/section>\n\t\t\t\t<\/div>\n\t\t","protected":false},"excerpt":{"rendered":"<p>3 NATIONS CUP 2026 Belgian Cycling, KNWU et Radsport Verband organisent \u00e0 nouveau l&rsquo;attrayante Coupe 3 Nations en 2026! La coupe comprend 7 courses en Belgique, aux Pays-Bas et en Allemagne. L&rsquo;objectif de la Coupe 3 Nations MTB est de donner aux v\u00e9t\u00e9tistes une plateforme de performance \u00e0 un niveau interm\u00e9diaire entre les courses nationales [&hellip;]<\/p>\n","protected":false},"author":1,"featured_media":0,"parent":0,"menu_order":0,"comment_status":"closed","ping_status":"closed","template":"elementor_header_footer","meta":{"_acf_changed":false,"footnotes":""},"class_list":["post-821","page","type-page","status-publish","hentry"],"acf":[],"yoast_head":"<!-- This site is optimized with the Yoast SEO plugin v27.4 - https:\/\/yoast.com\/product\/yoast-seo-wordpress\/ -->\n<title>3 Nations Cup 2026 - VITTORIA 3 NATIONS MTB CUP<\/title>\n<meta name=\"robots\" content=\"index, follow, max-snippet:-1, max-image-preview:large, max-video-preview:-1\" \/>\n<link rel=\"canonical\" href=\"https:\/\/www.3nationscup.eu\/fr\/\" \/>\n<meta property=\"og:locale\" content=\"fr_FR\" \/>\n<meta property=\"og:type\" content=\"article\" \/>\n<meta property=\"og:title\" content=\"3 Nations Cup 2026 - VITTORIA 3 NATIONS MTB CUP\" \/>\n<meta property=\"og:description\" content=\"3 NATIONS CUP 2026 Belgian Cycling, KNWU et Radsport Verband organisent \u00e0 nouveau l&rsquo;attrayante Coupe 3 Nations en 2026! La coupe comprend 7 courses en Belgique, aux Pays-Bas et en Allemagne. L&rsquo;objectif de la Coupe 3 Nations MTB est de donner aux v\u00e9t\u00e9tistes une plateforme de performance \u00e0 un niveau interm\u00e9diaire entre les courses nationales [&hellip;]\" \/>\n<meta property=\"og:url\" content=\"https:\/\/www.3nationscup.eu\/fr\/\" \/>\n<meta property=\"og:site_name\" content=\"VITTORIA 3 NATIONS MTB CUP\" \/>\n<meta property=\"article:modified_time\" content=\"2026-01-30T14:04:17+00:00\" \/>\n<meta name=\"twitter:card\" content=\"summary_large_image\" \/>\n<meta name=\"twitter:label1\" content=\"Dur\u00e9e de lecture estim\u00e9e\" \/>\n\t<meta name=\"twitter:data1\" content=\"1 minute\" \/>\n<script type=\"application\/ld+json\" class=\"yoast-schema-graph\">{\"@context\":\"https:\\\/\\\/schema.org\",\"@graph\":[{\"@type\":\"WebPage\",\"@id\":\"https:\\\/\\\/www.3nationscup.eu\\\/fr\\\/\",\"url\":\"https:\\\/\\\/www.3nationscup.eu\\\/fr\\\/\",\"name\":\"3 Nations Cup 2026 - VITTORIA 3 NATIONS MTB CUP\",\"isPartOf\":{\"@id\":\"https:\\\/\\\/www.3nationscup.eu\\\/fr\\\/#website\"},\"datePublished\":\"2019-03-09T17:01:58+00:00\",\"dateModified\":\"2026-01-30T14:04:17+00:00\",\"breadcrumb\":{\"@id\":\"https:\\\/\\\/www.3nationscup.eu\\\/fr\\\/#breadcrumb\"},\"inLanguage\":\"fr-FR\",\"potentialAction\":[{\"@type\":\"ReadAction\",\"target\":[\"https:\\\/\\\/www.3nationscup.eu\\\/fr\\\/\"]}]},{\"@type\":\"BreadcrumbList\",\"@id\":\"https:\\\/\\\/www.3nationscup.eu\\\/fr\\\/#breadcrumb\",\"itemListElement\":[{\"@type\":\"ListItem\",\"position\":1,\"name\":\"Home\",\"item\":\"https:\\\/\\\/www.3nationscup.eu\\\/fr\\\/\"},{\"@type\":\"ListItem\",\"position\":2,\"name\":\"3 Nations Cup 2026\"}]},{\"@type\":\"WebSite\",\"@id\":\"https:\\\/\\\/www.3nationscup.eu\\\/fr\\\/#website\",\"url\":\"https:\\\/\\\/www.3nationscup.eu\\\/fr\\\/\",\"name\":\"VITTORIA 3 NATIONS MTB CUP\",\"description\":\"\",\"publisher\":{\"@id\":\"https:\\\/\\\/www.3nationscup.eu\\\/fr\\\/#organization\"},\"potentialAction\":[{\"@type\":\"SearchAction\",\"target\":{\"@type\":\"EntryPoint\",\"urlTemplate\":\"https:\\\/\\\/www.3nationscup.eu\\\/fr\\\/?s={search_term_string}\"},\"query-input\":{\"@type\":\"PropertyValueSpecification\",\"valueRequired\":true,\"valueName\":\"search_term_string\"}}],\"inLanguage\":\"fr-FR\"},{\"@type\":\"Organization\",\"@id\":\"https:\\\/\\\/www.3nationscup.eu\\\/fr\\\/#organization\",\"name\":\"VITTORIA 3 NATIONS MTB CUP\",\"url\":\"https:\\\/\\\/www.3nationscup.eu\\\/fr\\\/\",\"logo\":{\"@type\":\"ImageObject\",\"inLanguage\":\"fr-FR\",\"@id\":\"https:\\\/\\\/www.3nationscup.eu\\\/fr\\\/#\\\/schema\\\/logo\\\/image\\\/\",\"url\":\"https:\\\/\\\/www.3nationscup.eu\\\/wp-content\\\/uploads\\\/2025\\\/04\\\/cropped-logo_torq_3_nations_cup.png\",\"contentUrl\":\"https:\\\/\\\/www.3nationscup.eu\\\/wp-content\\\/uploads\\\/2025\\\/04\\\/cropped-logo_torq_3_nations_cup.png\",\"width\":3507,\"height\":1633,\"caption\":\"VITTORIA 3 NATIONS MTB CUP\"},\"image\":{\"@id\":\"https:\\\/\\\/www.3nationscup.eu\\\/fr\\\/#\\\/schema\\\/logo\\\/image\\\/\"}}]}<\/script>\n<!-- \/ Yoast SEO plugin. -->","yoast_head_json":{"title":"3 Nations Cup 2026 - VITTORIA 3 NATIONS MTB CUP","robots":{"index":"index","follow":"follow","max-snippet":"max-snippet:-1","max-image-preview":"max-image-preview:large","max-video-preview":"max-video-preview:-1"},"canonical":"https:\/\/www.3nationscup.eu\/fr\/","og_locale":"fr_FR","og_type":"article","og_title":"3 Nations Cup 2026 - VITTORIA 3 NATIONS MTB CUP","og_description":"3 NATIONS CUP 2026 Belgian Cycling, KNWU et Radsport Verband organisent \u00e0 nouveau l&rsquo;attrayante Coupe 3 Nations en 2026! La coupe comprend 7 courses en Belgique, aux Pays-Bas et en Allemagne. L&rsquo;objectif de la Coupe 3 Nations MTB est de donner aux v\u00e9t\u00e9tistes une plateforme de performance \u00e0 un niveau interm\u00e9diaire entre les courses nationales [&hellip;]","og_url":"https:\/\/www.3nationscup.eu\/fr\/","og_site_name":"VITTORIA 3 NATIONS MTB CUP","article_modified_time":"2026-01-30T14:04:17+00:00","twitter_card":"summary_large_image","twitter_misc":{"Dur\u00e9e de lecture estim\u00e9e":"1 minute"},"schema":{"@context":"https:\/\/schema.org","@graph":[{"@type":"WebPage","@id":"https:\/\/www.3nationscup.eu\/fr\/","url":"https:\/\/www.3nationscup.eu\/fr\/","name":"3 Nations Cup 2026 - VITTORIA 3 NATIONS MTB CUP","isPartOf":{"@id":"https:\/\/www.3nationscup.eu\/fr\/#website"},"datePublished":"2019-03-09T17:01:58+00:00","dateModified":"2026-01-30T14:04:17+00:00","breadcrumb":{"@id":"https:\/\/www.3nationscup.eu\/fr\/#breadcrumb"},"inLanguage":"fr-FR","potentialAction":[{"@type":"ReadAction","target":["https:\/\/www.3nationscup.eu\/fr\/"]}]},{"@type":"BreadcrumbList","@id":"https:\/\/www.3nationscup.eu\/fr\/#breadcrumb","itemListElement":[{"@type":"ListItem","position":1,"name":"Home","item":"https:\/\/www.3nationscup.eu\/fr\/"},{"@type":"ListItem","position":2,"name":"3 Nations Cup 2026"}]},{"@type":"WebSite","@id":"https:\/\/www.3nationscup.eu\/fr\/#website","url":"https:\/\/www.3nationscup.eu\/fr\/","name":"VITTORIA 3 NATIONS MTB CUP","description":"","publisher":{"@id":"https:\/\/www.3nationscup.eu\/fr\/#organization"},"potentialAction":[{"@type":"SearchAction","target":{"@type":"EntryPoint","urlTemplate":"https:\/\/www.3nationscup.eu\/fr\/?s={search_term_string}"},"query-input":{"@type":"PropertyValueSpecification","valueRequired":true,"valueName":"search_term_string"}}],"inLanguage":"fr-FR"},{"@type":"Organization","@id":"https:\/\/www.3nationscup.eu\/fr\/#organization","name":"VITTORIA 3 NATIONS MTB CUP","url":"https:\/\/www.3nationscup.eu\/fr\/","logo":{"@type":"ImageObject","inLanguage":"fr-FR","@id":"https:\/\/www.3nationscup.eu\/fr\/#\/schema\/logo\/image\/","url":"https:\/\/www.3nationscup.eu\/wp-content\/uploads\/2025\/04\/cropped-logo_torq_3_nations_cup.png","contentUrl":"https:\/\/www.3nationscup.eu\/wp-content\/uploads\/2025\/04\/cropped-logo_torq_3_nations_cup.png","width":3507,"height":1633,"caption":"VITTORIA 3 NATIONS MTB CUP"},"image":{"@id":"https:\/\/www.3nationscup.eu\/fr\/#\/schema\/logo\/image\/"}}]}},"_links":{"self":[{"href":"https:\/\/www.3nationscup.eu\/fr\/wp-json\/wp\/v2\/pages\/821","targetHints":{"allow":["GET"]}}],"collection":[{"href":"https:\/\/www.3nationscup.eu\/fr\/wp-json\/wp\/v2\/pages"}],"about":[{"href":"https:\/\/www.3nationscup.eu\/fr\/wp-json\/wp\/v2\/types\/page"}],"author":[{"embeddable":true,"href":"https:\/\/www.3nationscup.eu\/fr\/wp-json\/wp\/v2\/users\/1"}],"replies":[{"embeddable":true,"href":"https:\/\/www.3nationscup.eu\/fr\/wp-json\/wp\/v2\/comments?post=821"}],"version-history":[{"count":38,"href":"https:\/\/www.3nationscup.eu\/fr\/wp-json\/wp\/v2\/pages\/821\/revisions"}],"predecessor-version":[{"id":2493,"href":"https:\/\/www.3nationscup.eu\/fr\/wp-json\/wp\/v2\/pages\/821\/revisions\/2493"}],"wp:attachment":[{"href":"https:\/\/www.3nationscup.eu\/fr\/wp-json\/wp\/v2\/media?parent=821"}],"curies":[{"name":"wp","href":"https:\/\/api.w.org\/{rel}","templated":true}]}}